{"id":2937,"date":"2024-03-03T16:34:20","date_gmt":"2024-03-03T16:34:20","guid":{"rendered":"https:\/\/lisaasberg.se\/work\/?page_id=2937"},"modified":"2024-09-18T12:35:54","modified_gmt":"2024-09-18T12:35:54","slug":"alkoholhjalpen-droghjalpen","status":"publish","type":"page","link":"https:\/\/lisaasberg.se\/work\/?page_id=2937","title":{"rendered":"Alkoholhj\u00e4lpen\/Droghj\u00e4lpen"},"content":{"rendered":"\t\t<div data-elementor-type=\"wp-page\" data-elementor-id=\"2937\" class=\"elementor elementor-2937\">\n\t\t\t\t\t\t\t\t\t<section class=\"elementor-section elementor-top-section elementor-element elementor-element-31ce696 elementor-section-full_width elementor-section-height-min-height elementor-section-stretched elementor-section-items-top elementor-section-content-top elementor-section-height-default elementor-invisible\" data-id=\"31ce696\" data-element_type=\"section\" data-settings=\"{&quot;animation&quot;:&quot;fadeIn&quot;,&quot;stretch_section&quot;:&quot;section-stretched&quot;}\">\n\t\t\t\t\t\t\t<div class=\"elementor-background-overlay\"><\/div>\n\t\t\t\t\t\t\t<div class=\"elementor-container elementor-column-gap-default\">\n\t\t\t\t\t<div class=\"elementor-column elementor-col-100 elementor-top-column elementor-element elementor-element-864ca70\" data-id=\"864ca70\" data-element_type=\"column\">\n\t\t\t<div class=\"elementor-widget-wrap elementor-element-populated\">\n\t\t\t\t\t\t\t\t<div class=\"elementor-element elementor-element-d6e04f6 back elementor-align-right elementor-widget__width-inherit elementor-absolute elementor-hidden-phone elementor-widget elementor-widget-button\" data-id=\"d6e04f6\" data-element_type=\"widget\" data-settings=\"{&quot;_position&quot;:&quot;absolute&quot;}\" data-widget_type=\"button.default\">\n\t\t\t\t<div class=\"elementor-widget-container\">\n\t\t\t\t\t<div class=\"elementor-button-wrapper\">\n\t\t\t<a class=\"elementor-button elementor-button-link elementor-size-sm elementor-animation-shrink\" href=\"http:\/\/lisaasberg.se\/work\/?page_id=1029\" id=\"back\">\n\t\t\t\t\t\t<span class=\"elementor-button-content-wrapper\">\n\t\t\t\t\t\t<span class=\"elementor-button-text\">> ABOUT<\/span>\n\t\t<\/span>\n\t\t\t\t\t<\/a>\n\t\t<\/div>\n\t\t\t\t<\/div>\n\t\t\t\t<\/div>\n\t\t\t\t\t<\/div>\n\t\t<\/div>\n\t\t\t\t\t\t\t<\/div>\n\t\t<\/section>\n\t\t\t\t<section class=\"elementor-section elementor-top-section elementor-element elementor-element-465926a elementor-section-full_width elementor-section-height-min-height elementor-section-height-default elementor-section-items-middle elementor-invisible\" data-id=\"465926a\" data-element_type=\"section\" data-settings=\"{&quot;animation&quot;:&quot;fadeIn&quot;}\">\n\t\t\t\t\t\t\t<div class=\"elementor-background-overlay\"><\/div>\n\t\t\t\t\t\t\t<div class=\"elementor-container elementor-column-gap-default\">\n\t\t\t\t\t<div class=\"elementor-column elementor-col-100 elementor-top-column elementor-element elementor-element-0a88ebd\" data-id=\"0a88ebd\" data-element_type=\"column\">\n\t\t\t<div class=\"elementor-widget-wrap elementor-element-populated\">\n\t\t\t\t\t\t\t\t<div class=\"elementor-element elementor-element-58646dc back elementor-align-left elementor-widget__width-inherit elementor-fixed elementor-widget elementor-widget-button\" data-id=\"58646dc\" data-element_type=\"widget\" data-settings=\"{&quot;_position&quot;:&quot;fixed&quot;}\" data-widget_type=\"button.default\">\n\t\t\t\t<div class=\"elementor-widget-container\">\n\t\t\t\t\t<div class=\"elementor-button-wrapper\">\n\t\t\t<a class=\"elementor-button elementor-button-link elementor-size-sm elementor-animation-shrink\" href=\"https:\/\/lisaasberg.se\/work\" id=\"back\">\n\t\t\t\t\t\t<span class=\"elementor-button-content-wrapper\">\n\t\t\t\t\t\t<span class=\"elementor-button-text\">< BACK<\/span>\n\t\t<\/span>\n\t\t\t\t\t<\/a>\n\t\t<\/div>\n\t\t\t\t<\/div>\n\t\t\t\t<\/div>\n\t\t\t\t\t<\/div>\n\t\t<\/div>\n\t\t\t\t\t\t\t<\/div>\n\t\t<\/section>\n\t\t\t\t<section class=\"elementor-section elementor-top-section elementor-element elementor-element-ce2aca3 elementor-section-content-top elementor-section-full_width elementor-section-height-min-height elementor-section-height-default elementor-section-items-middle\" data-id=\"ce2aca3\" data-element_type=\"section\">\n\t\t\t\t\t\t<div class=\"elementor-container elementor-column-gap-default\">\n\t\t\t\t\t<div class=\"elementor-column elementor-col-100 elementor-top-column elementor-element elementor-element-b36eeea\" data-id=\"b36eeea\" data-element_type=\"column\">\n\t\t\t<div class=\"elementor-widget-wrap elementor-element-populated\">\n\t\t\t\t\t\t\t\t<section class=\"elementor-section elementor-inner-section elementor-element elementor-element-7f3a3f2 elementor-section-full_width elementor-section-height-default elementor-section-height-default\" data-id=\"7f3a3f2\" data-element_type=\"section\">\n\t\t\t\t\t\t<div class=\"elementor-container elementor-column-gap-default\">\n\t\t\t\t\t<div class=\"elementor-column elementor-col-100 elementor-inner-column elementor-element elementor-element-82e574b\" data-id=\"82e574b\" data-element_type=\"column\">\n\t\t\t<div class=\"elementor-widget-wrap elementor-element-populated\">\n\t\t\t\t\t\t\t\t<div class=\"elementor-element elementor-element-8af461a logo elementor-widget__width-inherit elementor-widget elementor-widget-heading\" data-id=\"8af461a\" data-element_type=\"widget\" id=\"logo\" data-widget_type=\"heading.default\">\n\t\t\t\t<div class=\"elementor-widget-container\">\n\t\t\t<h1 class=\"elementor-heading-title elementor-size-large\">Visual Identity<\/h1>\t\t<\/div>\n\t\t\t\t<\/div>\n\t\t\t\t<div class=\"elementor-element elementor-element-2a8bb3a elementor-widget-divider--view-line elementor-widget elementor-widget-divider\" data-id=\"2a8bb3a\" data-element_type=\"widget\" data-widget_type=\"divider.default\">\n\t\t\t\t<div class=\"elementor-widget-container\">\n\t\t\t\t\t<div class=\"elementor-divider\">\n\t\t\t<span class=\"elementor-divider-separator\">\n\t\t\t\t\t\t<\/span>\n\t\t<\/div>\n\t\t\t\t<\/div>\n\t\t\t\t<\/div>\n\t\t\t\t\t<\/div>\n\t\t<\/div>\n\t\t\t\t\t\t\t<\/div>\n\t\t<\/section>\n\t\t\t\t<section class=\"elementor-section elementor-inner-section elementor-element elementor-element-7fdb458 elementor-section-full_width elementor-section-height-default elementor-section-height-default\" data-id=\"7fdb458\" data-element_type=\"section\">\n\t\t\t\t\t\t<div class=\"elementor-container elementor-column-gap-default\">\n\t\t\t\t\t<div class=\"elementor-column elementor-col-50 elementor-inner-column elementor-element elementor-element-ae86fbf\" data-id=\"ae86fbf\" data-element_type=\"column\">\n\t\t\t<div class=\"elementor-widget-wrap elementor-element-populated\">\n\t\t\t\t\t\t\t\t<div class=\"elementor-element elementor-element-a4542f9 elementor-widget elementor-widget-spacer\" data-id=\"a4542f9\" data-element_type=\"widget\" data-widget_type=\"spacer.default\">\n\t\t\t\t<div class=\"elementor-widget-container\">\n\t\t\t\t\t<div class=\"elementor-spacer\">\n\t\t\t<div class=\"elementor-spacer-inner\"><\/div>\n\t\t<\/div>\n\t\t\t\t<\/div>\n\t\t\t\t<\/div>\n\t\t\t\t<div class=\"elementor-element elementor-element-3b5f11b elementor-widget elementor-widget-heading\" data-id=\"3b5f11b\" data-element_type=\"widget\" data-widget_type=\"heading.default\">\n\t\t\t\t<div class=\"elementor-widget-container\">\n\t\t\t<h3 class=\"elementor-heading-title elementor-size-default\">ALKOHOLHJ\u00c4LPEN<br>DROGHJ\u00c4LPEN<\/h3>\t\t<\/div>\n\t\t\t\t<\/div>\n\t\t\t\t<div class=\"elementor-element elementor-element-03f4e77 elementor-widget-divider--view-line elementor-widget elementor-widget-divider\" data-id=\"03f4e77\" data-element_type=\"widget\" data-widget_type=\"divider.default\">\n\t\t\t\t<div class=\"elementor-widget-container\">\n\t\t\t\t\t<div class=\"elementor-divider\">\n\t\t\t<span class=\"elementor-divider-separator\">\n\t\t\t\t\t\t<\/span>\n\t\t<\/div>\n\t\t\t\t<\/div>\n\t\t\t\t<\/div>\n\t\t\t\t<div class=\"elementor-element elementor-element-1b1ad31 elementor-widget elementor-widget-heading\" data-id=\"1b1ad31\" data-element_type=\"widget\" data-widget_type=\"heading.default\">\n\t\t\t\t<div class=\"elementor-widget-container\">\n\t\t\t<h2 class=\"elementor-heading-title elementor-size-default\"><i>Visual identity for Alkoholhj\u00e4lpen and Droghj\u00e4lpen. Two independent organisations run by Beroendecentrum \u2013 offering online help for people with alcohol- or drug abuse.<\/i> <br><br><b>Role:<\/b> Brand Designer at Kid id<br>\n<b>Responsibilities:<\/b> Entire design system and components including logotypes, color palette, layout, typographic system, illustrations etc.<br><br>\nThe organisations were seeking a bold expression in order to catch attention on the smaller touchpoints where they need to be seen  \u2013 for example on contact cards in waiting rooms. Another important aspect was to not feel like public care or a hospital, in order to reach a new audience and create a low threshold for seeking help.\n<br><br>\nThe monochrome color palettes allows for the expression to stretch from bold and eye catching to calm and simple, and also helps both differentiating and connecting the two organisations.\n<br><br>\n\nThe graphic shape of the logotypes represents the distance that an addiction can create to your surroundings \u2013 your family or friends. Alkoholhj\u00e4lpen and Droghj\u00e4lpen helps to overcome that distance, to fill the gap and create a new life without the addiction.<\/h2>\t\t<\/div>\n\t\t\t\t<\/div>\n\t\t\t\t\t<\/div>\n\t\t<\/div>\n\t\t\t\t<div class=\"elementor-column elementor-col-50 elementor-inner-column elementor-element elementor-element-3bcc0fd\" data-id=\"3bcc0fd\" data-element_type=\"column\">\n\t\t\t<div class=\"elementor-widget-wrap elementor-element-populated\">\n\t\t\t\t\t\t\t\t<div class=\"elementor-element elementor-element-25baf9c elementor-widget elementor-widget-spacer\" data-id=\"25baf9c\" data-element_type=\"widget\" data-widget_type=\"spacer.default\">\n\t\t\t\t<div class=\"elementor-widget-container\">\n\t\t\t\t\t<div class=\"elementor-spacer\">\n\t\t\t<div class=\"elementor-spacer-inner\"><\/div>\n\t\t<\/div>\n\t\t\t\t<\/div>\n\t\t\t\t<\/div>\n\t\t\t\t<div class=\"elementor-element elementor-element-b4d98df elementor-widget elementor-widget-image\" data-id=\"b4d98df\" data-element_type=\"widget\" data-widget_type=\"image.default\">\n\t\t\t\t<div class=\"elementor-widget-container\">\n\t\t\t\t\t\t\t\t\t\t\t\t\t\t\t<img decoding=\"async\" loading=\"lazy\" width=\"560\" height=\"315\" src=\"https:\/\/lisaasberg.se\/work\/wp-content\/uploads\/2024\/03\/1-1024x576.png\" class=\"attachment-large size-large wp-image-2823\" alt=\"\" srcset=\"https:\/\/lisaasberg.se\/work\/wp-content\/uploads\/2024\/03\/1-1024x576.png 1024w, https:\/\/lisaasberg.se\/work\/wp-content\/uploads\/2024\/03\/1-300x169.png 300w, https:\/\/lisaasberg.se\/work\/wp-content\/uploads\/2024\/03\/1-768x432.png 768w, https:\/\/lisaasberg.se\/work\/wp-content\/uploads\/2024\/03\/1-1536x864.png 1536w, https:\/\/lisaasberg.se\/work\/wp-content\/uploads\/2024\/03\/1-2048x1152.png 2048w, https:\/\/lisaasberg.se\/work\/wp-content\/uploads\/2024\/03\/1-1200x675.png 1200w, https:\/\/lisaasberg.se\/work\/wp-content\/uploads\/2024\/03\/1-560x315.png 560w\" sizes=\"(max-width: 560px) 100vw, 560px\" \/>\t\t\t\t\t\t\t\t\t\t\t\t\t\t\t<\/div>\n\t\t\t\t<\/div>\n\t\t\t\t<div class=\"elementor-element elementor-element-0075b61 elementor-widget__width-initial elementor-widget elementor-widget-video\" data-id=\"0075b61\" data-element_type=\"widget\" data-settings=\"{&quot;video_type&quot;:&quot;hosted&quot;,&quot;autoplay&quot;:&quot;yes&quot;,&quot;mute&quot;:&quot;yes&quot;,&quot;loop&quot;:&quot;yes&quot;,&quot;play_on_mobile&quot;:&quot;yes&quot;}\" data-widget_type=\"video.default\">\n\t\t\t\t<div class=\"elementor-widget-container\">\n\t\t\t\t\t<div class=\"e-hosted-video elementor-wrapper elementor-open-inline\">\n\t\t\t\t\t<video class=\"elementor-video\" src=\"https:\/\/lisaasberg.se\/work\/wp-content\/uploads\/2024\/09\/ad_case_frames_7.mp4\" autoplay=\"\" loop=\"\" muted=\"muted\" playsinline=\"\" controlsList=\"nodownload\"><\/video>\n\t\t\t\t<\/div>\n\t\t\t\t<\/div>\n\t\t\t\t<\/div>\n\t\t\t\t<div class=\"elementor-element elementor-element-2f4c49c elementor-hidden-desktop elementor-hidden-tablet elementor-hidden-mobile elementor-widget elementor-widget-image\" data-id=\"2f4c49c\" data-element_type=\"widget\" data-widget_type=\"image.default\">\n\t\t\t\t<div class=\"elementor-widget-container\">\n\t\t\t\t\t\t\t\t\t\t\t\t\t\t\t<img decoding=\"async\" loading=\"lazy\" width=\"560\" height=\"315\" src=\"https:\/\/lisaasberg.se\/work\/wp-content\/uploads\/2024\/03\/2-1024x576.png\" class=\"attachment-large size-large wp-image-2965\" alt=\"\" srcset=\"https:\/\/lisaasberg.se\/work\/wp-content\/uploads\/2024\/03\/2-1024x576.png 1024w, https:\/\/lisaasberg.se\/work\/wp-content\/uploads\/2024\/03\/2-300x169.png 300w, https:\/\/lisaasberg.se\/work\/wp-content\/uploads\/2024\/03\/2-768x432.png 768w, https:\/\/lisaasberg.se\/work\/wp-content\/uploads\/2024\/03\/2-1536x864.png 1536w, https:\/\/lisaasberg.se\/work\/wp-content\/uploads\/2024\/03\/2-2048x1152.png 2048w, https:\/\/lisaasberg.se\/work\/wp-content\/uploads\/2024\/03\/2-1200x675.png 1200w, https:\/\/lisaasberg.se\/work\/wp-content\/uploads\/2024\/03\/2-560x315.png 560w\" sizes=\"(max-width: 560px) 100vw, 560px\" \/>\t\t\t\t\t\t\t\t\t\t\t\t\t\t\t<\/div>\n\t\t\t\t<\/div>\n\t\t\t\t<div class=\"elementor-element elementor-element-f5ce232 elementor-widget elementor-widget-image\" data-id=\"f5ce232\" data-element_type=\"widget\" data-widget_type=\"image.default\">\n\t\t\t\t<div class=\"elementor-widget-container\">\n\t\t\t\t\t\t\t\t\t\t\t\t\t\t\t<img decoding=\"async\" loading=\"lazy\" width=\"560\" height=\"804\" src=\"https:\/\/lisaasberg.se\/work\/wp-content\/uploads\/2024\/03\/3_10-713x1024.png\" class=\"attachment-large size-large wp-image-2973\" alt=\"\" srcset=\"https:\/\/lisaasberg.se\/work\/wp-content\/uploads\/2024\/03\/3_10-713x1024.png 713w, https:\/\/lisaasberg.se\/work\/wp-content\/uploads\/2024\/03\/3_10-209x300.png 209w, https:\/\/lisaasberg.se\/work\/wp-content\/uploads\/2024\/03\/3_10-560x804.png 560w, https:\/\/lisaasberg.se\/work\/wp-content\/uploads\/2024\/03\/3_10.png 752w\" sizes=\"(max-width: 560px) 100vw, 560px\" \/>\t\t\t\t\t\t\t\t\t\t\t\t\t\t\t<\/div>\n\t\t\t\t<\/div>\n\t\t\t\t\t<\/div>\n\t\t<\/div>\n\t\t\t\t\t\t\t<\/div>\n\t\t<\/section>\n\t\t\t\t<div class=\"elementor-element elementor-element-41a8956 elementor-widget elementor-widget-image\" data-id=\"41a8956\" data-element_type=\"widget\" data-widget_type=\"image.default\">\n\t\t\t\t<div class=\"elementor-widget-container\">\n\t\t\t\t\t\t\t\t\t\t\t\t\t\t\t<img decoding=\"async\" loading=\"lazy\" width=\"560\" height=\"315\" src=\"https:\/\/lisaasberg.se\/work\/wp-content\/uploads\/2024\/03\/6_1-1024x576.png\" class=\"attachment-large size-large wp-image-2995\" alt=\"\" srcset=\"https:\/\/lisaasberg.se\/work\/wp-content\/uploads\/2024\/03\/6_1-1024x576.png 1024w, https:\/\/lisaasberg.se\/work\/wp-content\/uploads\/2024\/03\/6_1-300x169.png 300w, https:\/\/lisaasberg.se\/work\/wp-content\/uploads\/2024\/03\/6_1-768x432.png 768w, https:\/\/lisaasberg.se\/work\/wp-content\/uploads\/2024\/03\/6_1-560x315.png 560w, https:\/\/lisaasberg.se\/work\/wp-content\/uploads\/2024\/03\/6_1.png 1080w\" sizes=\"(max-width: 560px) 100vw, 560px\" \/>\t\t\t\t\t\t\t\t\t\t\t\t\t\t\t<\/div>\n\t\t\t\t<\/div>\n\t\t\t\t<div class=\"elementor-element elementor-element-4a685d4 elementor-widget elementor-widget-image\" data-id=\"4a685d4\" data-element_type=\"widget\" data-widget_type=\"image.default\">\n\t\t\t\t<div class=\"elementor-widget-container\">\n\t\t\t\t\t\t\t\t\t\t\t\t\t\t\t<img decoding=\"async\" loading=\"lazy\" width=\"1920\" height=\"1080\" src=\"https:\/\/lisaasberg.se\/work\/wp-content\/uploads\/2024\/09\/ad_poster.png\" class=\"attachment-full size-full wp-image-3571\" alt=\"\" srcset=\"https:\/\/lisaasberg.se\/work\/wp-content\/uploads\/2024\/09\/ad_poster.png 1920w, https:\/\/lisaasberg.se\/work\/wp-content\/uploads\/2024\/09\/ad_poster-300x169.png 300w, https:\/\/lisaasberg.se\/work\/wp-content\/uploads\/2024\/09\/ad_poster-1024x576.png 1024w, https:\/\/lisaasberg.se\/work\/wp-content\/uploads\/2024\/09\/ad_poster-768x432.png 768w, https:\/\/lisaasberg.se\/work\/wp-content\/uploads\/2024\/09\/ad_poster-1536x864.png 1536w, https:\/\/lisaasberg.se\/work\/wp-content\/uploads\/2024\/09\/ad_poster-1200x675.png 1200w, https:\/\/lisaasberg.se\/work\/wp-content\/uploads\/2024\/09\/ad_poster-560x315.png 560w\" sizes=\"(max-width: 1920px) 100vw, 1920px\" \/>\t\t\t\t\t\t\t\t\t\t\t\t\t\t\t<\/div>\n\t\t\t\t<\/div>\n\t\t\t\t<div class=\"elementor-element elementor-element-7db9228 elementor-widget elementor-widget-image\" data-id=\"7db9228\" data-element_type=\"widget\" data-widget_type=\"image.default\">\n\t\t\t\t<div class=\"elementor-widget-container\">\n\t\t\t\t\t\t\t\t\t\t\t\t\t\t\t<img decoding=\"async\" loading=\"lazy\" width=\"560\" height=\"374\" src=\"https:\/\/lisaasberg.se\/work\/wp-content\/uploads\/2024\/03\/7_1-1024x683.png\" class=\"attachment-large size-large wp-image-2996\" alt=\"\" srcset=\"https:\/\/lisaasberg.se\/work\/wp-content\/uploads\/2024\/03\/7_1-1024x683.png 1024w, https:\/\/lisaasberg.se\/work\/wp-content\/uploads\/2024\/03\/7_1-300x200.png 300w, https:\/\/lisaasberg.se\/work\/wp-content\/uploads\/2024\/03\/7_1-768x512.png 768w, https:\/\/lisaasberg.se\/work\/wp-content\/uploads\/2024\/03\/7_1-560x373.png 560w, https:\/\/lisaasberg.se\/work\/wp-content\/uploads\/2024\/03\/7_1.png 1080w\" sizes=\"(max-width: 560px) 100vw, 560px\" \/>\t\t\t\t\t\t\t\t\t\t\t\t\t\t\t<\/div>\n\t\t\t\t<\/div>\n\t\t\t\t<div class=\"elementor-element elementor-element-c15c0cb elementor-widget elementor-widget-image\" data-id=\"c15c0cb\" data-element_type=\"widget\" data-widget_type=\"image.default\">\n\t\t\t\t<div class=\"elementor-widget-container\">\n\t\t\t\t\t\t\t\t\t\t\t\t\t\t\t<img decoding=\"async\" loading=\"lazy\" width=\"560\" height=\"374\" src=\"https:\/\/lisaasberg.se\/work\/wp-content\/uploads\/2024\/03\/8_1-1024x683.png\" class=\"attachment-large size-large wp-image-2997\" alt=\"\" srcset=\"https:\/\/lisaasberg.se\/work\/wp-content\/uploads\/2024\/03\/8_1-1024x683.png 1024w, https:\/\/lisaasberg.se\/work\/wp-content\/uploads\/2024\/03\/8_1-300x200.png 300w, https:\/\/lisaasberg.se\/work\/wp-content\/uploads\/2024\/03\/8_1-768x512.png 768w, https:\/\/lisaasberg.se\/work\/wp-content\/uploads\/2024\/03\/8_1-560x373.png 560w, https:\/\/lisaasberg.se\/work\/wp-content\/uploads\/2024\/03\/8_1.png 1080w\" sizes=\"(max-width: 560px) 100vw, 560px\" \/>\t\t\t\t\t\t\t\t\t\t\t\t\t\t\t<\/div>\n\t\t\t\t<\/div>\n\t\t\t\t<section class=\"elementor-section elementor-inner-section elementor-element elementor-element-94693f9 elementor-hidden-desktop elementor-hidden-tablet elementor-hidden-mobile elementor-section-boxed elementor-section-height-default elementor-section-height-default\" data-id=\"94693f9\" data-element_type=\"section\">\n\t\t\t\t\t\t<div class=\"elementor-container elementor-column-gap-no\">\n\t\t\t\t\t<div class=\"elementor-column elementor-col-25 elementor-inner-column elementor-element elementor-element-69efb7b\" data-id=\"69efb7b\" data-element_type=\"column\">\n\t\t\t<div class=\"elementor-widget-wrap elementor-element-populated\">\n\t\t\t\t\t\t\t\t<div class=\"elementor-element elementor-element-b082ce5 elementor-widget elementor-widget-image\" data-id=\"b082ce5\" data-element_type=\"widget\" data-widget_type=\"image.default\">\n\t\t\t\t<div class=\"elementor-widget-container\">\n\t\t\t\t\t\t\t\t\t\t\t\t\t\t\t<img decoding=\"async\" loading=\"lazy\" width=\"560\" height=\"659\" src=\"https:\/\/lisaasberg.se\/work\/wp-content\/uploads\/2024\/03\/5a_1-870x1024.png\" class=\"attachment-large size-large wp-image-2984\" alt=\"\" srcset=\"https:\/\/lisaasberg.se\/work\/wp-content\/uploads\/2024\/03\/5a_1-870x1024.png 870w, https:\/\/lisaasberg.se\/work\/wp-content\/uploads\/2024\/03\/5a_1-255x300.png 255w, https:\/\/lisaasberg.se\/work\/wp-content\/uploads\/2024\/03\/5a_1-768x904.png 768w, https:\/\/lisaasberg.se\/work\/wp-content\/uploads\/2024\/03\/5a_1-560x659.png 560w, https:\/\/lisaasberg.se\/work\/wp-content\/uploads\/2024\/03\/5a_1.png 918w\" sizes=\"(max-width: 560px) 100vw, 560px\" \/>\t\t\t\t\t\t\t\t\t\t\t\t\t\t\t<\/div>\n\t\t\t\t<\/div>\n\t\t\t\t\t<\/div>\n\t\t<\/div>\n\t\t\t\t<div class=\"elementor-column elementor-col-25 elementor-inner-column elementor-element elementor-element-d30a39d\" data-id=\"d30a39d\" data-element_type=\"column\">\n\t\t\t<div class=\"elementor-widget-wrap elementor-element-populated\">\n\t\t\t\t\t\t\t\t<div class=\"elementor-element elementor-element-8913538 elementor-widget elementor-widget-image\" data-id=\"8913538\" data-element_type=\"widget\" data-widget_type=\"image.default\">\n\t\t\t\t<div class=\"elementor-widget-container\">\n\t\t\t\t\t\t\t\t\t\t\t\t\t\t\t<img decoding=\"async\" loading=\"lazy\" width=\"560\" height=\"659\" src=\"https:\/\/lisaasberg.se\/work\/wp-content\/uploads\/2024\/03\/4a_1-870x1024.png\" class=\"attachment-large size-large wp-image-2983\" alt=\"\" srcset=\"https:\/\/lisaasberg.se\/work\/wp-content\/uploads\/2024\/03\/4a_1-870x1024.png 870w, https:\/\/lisaasberg.se\/work\/wp-content\/uploads\/2024\/03\/4a_1-255x300.png 255w, https:\/\/lisaasberg.se\/work\/wp-content\/uploads\/2024\/03\/4a_1-768x904.png 768w, https:\/\/lisaasberg.se\/work\/wp-content\/uploads\/2024\/03\/4a_1-560x659.png 560w, https:\/\/lisaasberg.se\/work\/wp-content\/uploads\/2024\/03\/4a_1.png 918w\" sizes=\"(max-width: 560px) 100vw, 560px\" \/>\t\t\t\t\t\t\t\t\t\t\t\t\t\t\t<\/div>\n\t\t\t\t<\/div>\n\t\t\t\t\t<\/div>\n\t\t<\/div>\n\t\t\t\t<div class=\"elementor-column elementor-col-25 elementor-inner-column elementor-element elementor-element-b0a4b76\" data-id=\"b0a4b76\" data-element_type=\"column\">\n\t\t\t<div class=\"elementor-widget-wrap elementor-element-populated\">\n\t\t\t\t\t\t\t\t<div class=\"elementor-element elementor-element-9423864 elementor-widget elementor-widget-image\" data-id=\"9423864\" data-element_type=\"widget\" data-widget_type=\"image.default\">\n\t\t\t\t<div class=\"elementor-widget-container\">\n\t\t\t\t\t\t\t\t\t\t\t\t\t\t\t<img decoding=\"async\" loading=\"lazy\" width=\"560\" height=\"659\" src=\"https:\/\/lisaasberg.se\/work\/wp-content\/uploads\/2024\/03\/4d_1-870x1024.png\" class=\"attachment-large size-large wp-image-2979\" alt=\"\" srcset=\"https:\/\/lisaasberg.se\/work\/wp-content\/uploads\/2024\/03\/4d_1-870x1024.png 870w, https:\/\/lisaasberg.se\/work\/wp-content\/uploads\/2024\/03\/4d_1-255x300.png 255w, https:\/\/lisaasberg.se\/work\/wp-content\/uploads\/2024\/03\/4d_1-768x904.png 768w, https:\/\/lisaasberg.se\/work\/wp-content\/uploads\/2024\/03\/4d_1-560x659.png 560w, https:\/\/lisaasberg.se\/work\/wp-content\/uploads\/2024\/03\/4d_1.png 918w\" sizes=\"(max-width: 560px) 100vw, 560px\" \/>\t\t\t\t\t\t\t\t\t\t\t\t\t\t\t<\/div>\n\t\t\t\t<\/div>\n\t\t\t\t\t<\/div>\n\t\t<\/div>\n\t\t\t\t<div class=\"elementor-column elementor-col-25 elementor-inner-column elementor-element elementor-element-4aa463c\" data-id=\"4aa463c\" data-element_type=\"column\">\n\t\t\t<div class=\"elementor-widget-wrap elementor-element-populated\">\n\t\t\t\t\t\t\t\t<div class=\"elementor-element elementor-element-1b8dbb1 elementor-widget elementor-widget-image\" data-id=\"1b8dbb1\" data-element_type=\"widget\" data-widget_type=\"image.default\">\n\t\t\t\t<div class=\"elementor-widget-container\">\n\t\t\t\t\t\t\t\t\t\t\t\t\t\t\t<img decoding=\"async\" loading=\"lazy\" width=\"560\" height=\"659\" src=\"https:\/\/lisaasberg.se\/work\/wp-content\/uploads\/2024\/03\/5d_1-870x1024.png\" class=\"attachment-large size-large wp-image-2985\" alt=\"\" srcset=\"https:\/\/lisaasberg.se\/work\/wp-content\/uploads\/2024\/03\/5d_1-870x1024.png 870w, https:\/\/lisaasberg.se\/work\/wp-content\/uploads\/2024\/03\/5d_1-255x300.png 255w, https:\/\/lisaasberg.se\/work\/wp-content\/uploads\/2024\/03\/5d_1-768x904.png 768w, https:\/\/lisaasberg.se\/work\/wp-content\/uploads\/2024\/03\/5d_1-560x659.png 560w, https:\/\/lisaasberg.se\/work\/wp-content\/uploads\/2024\/03\/5d_1.png 918w\" sizes=\"(max-width: 560px) 100vw, 560px\" \/>\t\t\t\t\t\t\t\t\t\t\t\t\t\t\t<\/div>\n\t\t\t\t<\/div>\n\t\t\t\t\t<\/div>\n\t\t<\/div>\n\t\t\t\t\t\t\t<\/div>\n\t\t<\/section>\n\t\t\t\t<div class=\"elementor-element elementor-element-5eb0842 elementor-widget elementor-widget-spacer\" data-id=\"5eb0842\" data-element_type=\"widget\" data-widget_type=\"spacer.default\">\n\t\t\t\t<div class=\"elementor-widget-container\">\n\t\t\t\t\t<div class=\"elementor-spacer\">\n\t\t\t<div class=\"elementor-spacer-inner\"><\/div>\n\t\t<\/div>\n\t\t\t\t<\/div>\n\t\t\t\t<\/div>\n\t\t\t\t\t<\/div>\n\t\t<\/div>\n\t\t\t\t\t\t\t<\/div>\n\t\t<\/section>\n\t\t\t\t\t\t\t<\/div>\n\t\t","protected":false},"excerpt":{"rendered":"<p>> ABOUT < BACK Visual Identity ALKOHOLHJ\u00c4LPENDROGHJ\u00c4LPEN Visual identity for Alkoholhj\u00e4lpen and Droghj\u00e4lpen. Two independent organisations run by Beroendecentrum \u2013 offering online help for people with alcohol- or drug abuse. Role: Brand Designer at Kid id Responsibilities: Entire design system and components including logotypes, color palette, layout, typographic system, illustrations etc. The organisations were seeking &hellip; \n\n<p class=\"link-more\"><a href=\"https:\/\/lisaasberg.se\/work\/?page_id=2937\" class=\"more-link\">Continue reading<span class=\"screen-reader-text\"> &#8220;Alkoholhj\u00e4lpen\/Droghj\u00e4lpen&#8221;<\/span><\/a><\/p>\n","protected":false},"author":1,"featured_media":0,"parent":43,"menu_order":0,"comment_status":"closed","ping_status":"closed","template":"elementor_header_footer","meta":{"_monsterinsights_skip_tracking":false,"_monsterinsights_sitenote_active":false,"_monsterinsights_sitenote_note":"","_monsterinsights_sitenote_category":0,"footnotes":""},"_links":{"self":[{"href":"https:\/\/lisaasberg.se\/work\/index.php?rest_route=\/wp\/v2\/pages\/2937"}],"collection":[{"href":"https:\/\/lisaasberg.se\/work\/index.php?rest_route=\/wp\/v2\/pages"}],"about":[{"href":"https:\/\/lisaasberg.se\/work\/index.php?rest_route=\/wp\/v2\/types\/page"}],"author":[{"embeddable":true,"href":"https:\/\/lisaasberg.se\/work\/index.php?rest_route=\/wp\/v2\/users\/1"}],"replies":[{"embeddable":true,"href":"https:\/\/lisaasberg.se\/work\/index.php?rest_route=%2Fwp%2Fv2%2Fcomments&post=2937"}],"version-history":[{"count":65,"href":"https:\/\/lisaasberg.se\/work\/index.php?rest_route=\/wp\/v2\/pages\/2937\/revisions"}],"predecessor-version":[{"id":3577,"href":"https:\/\/lisaasberg.se\/work\/index.php?rest_route=\/wp\/v2\/pages\/2937\/revisions\/3577"}],"up":[{"embeddable":true,"href":"https:\/\/lisaasberg.se\/work\/index.php?rest_route=\/wp\/v2\/pages\/43"}],"wp:attachment":[{"href":"https:\/\/lisaasberg.se\/work\/index.php?rest_route=%2Fwp%2Fv2%2Fmedia&parent=2937"}],"curies":[{"name":"wp","href":"https:\/\/api.w.org\/{rel}","templated":true}]}}